{"id":1146,"date":"2024-12-07T09:48:26","date_gmt":"2024-12-07T09:48:26","guid":{"rendered":"https:\/\/www.xn--neuepragerhtte-qsb.at\/?page_id=1146"},"modified":"2025-03-28T21:42:59","modified_gmt":"2025-03-28T21:42:59","slug":"ben","status":"publish","type":"page","link":"https:\/\/www.neue-prager-huette.at\/?page_id=1146","title":{"rendered":"Team"},"content":{"rendered":"<h1>Unser Team<\/h1>\n<hr>\n<div>\n<p><span>Wir sind ein bunter Mix aus v\u00f6llig unterschiedlichen Branchen \u2013 kreativ, leidenschaftlich und immer mit einem L\u00e4cheln im Gep\u00e4ck. Gemeinsam bringen wir frischen Wind in die hochalpine H\u00fcttenkultur und stecken unser Herzblut in jedes Detail!<\/span><\/p>\n<\/div>\n<p><img decoding=\"async\" src=\"\/wp-content\/uploads\/2025\/03\/Prager_Huette_Personen_HR-38-von-43.jpg\" alt=\"\"><\/p>\n<div>\n<p>        <img decoding=\"async\" src=\"\/wp-content\/uploads\/2025\/03\/Prager_Huette_Personen_HR-12-von-43.jpg\" alt=\"\"><\/p>\n<h2>Ben Schwendtner<\/h2>\n<div>\n<p><span>Ben ist unser Technik- und Organisationstalent. Als Flughelfer, Bergsteiger, Holzbautechniker und Student im Sport- und Eventmanagement bringt er alpine Leidenschaft und modernes Marketing-Know-how zusammen. Sein Ziel: Die Neue Prager H\u00fctte technisch top und f\u00fcr Bergfans unverzichtbar zu machen!<\/span><\/p>\n<ul class=\"uk-subnav uk-subnav-divider uk-margin-medium-top\"><\/ul>\n<\/div>\n<\/div>\n<div>\n<p>        <img decoding=\"async\" src=\"\/wp-content\/uploads\/2025\/03\/Prager_Huette_Personen_HR-10-von-43.jpg\" alt=\"\"><\/p>\n<h2>Maja Moesges<\/h2>\n<div>\n<p><span>Maja ist unsere Gastronomie-Expertin mit Herz. Als Konditorin und erfahrene Servicekraft bringt sie alpine Gastro-Erfahrung und eine Leidenschaft f\u00fcr regionale Spezialit\u00e4ten mit. Ob frisches Brot, hausgemachte Kuchen oder ein herzliches Willkommen \u2013 Maja sorgt daf\u00fcr, dass sich jeder Gast in der Neuen Prager H\u00fctte rundum wohlf\u00fchlt!<\/span><\/p>\n<ul class=\"uk-subnav uk-subnav-divider uk-margin-medium-top\"><\/ul>\n<\/div>\n<\/div>\n<div>\n<p>        <img decoding=\"async\" src=\"\/wp-content\/uploads\/2025\/03\/Prager_Huette_Personen_HR-25-von-43-scaled.jpg\" alt=\"\"><\/p>\n<h2>Florian Geier<\/h2>\n<div>\n<p><span>Florian ist unser Technik-Ass und Outdoor-Profi! Mit seinem Ingenieurswissen und seiner Leidenschaft f\u00fcr Bergsport bringt er H\u00fctte und Berge auf Top-Niveau. Ob technische Anlagen, spannende Touren oder herzliche Gastfreundschaft \u2013 Florian macht die Neue Prager H\u00fctte zu einem echten Highlight f\u00fcr alle Gipfelst\u00fcrmer!<\/span><\/p>\n<\/div>\n<\/div>\n<div>\n<p>        <img decoding=\"async\" src=\"\/wp-content\/uploads\/2025\/03\/Prager_Huette_Personen_HR-2-von-43-scaled.jpg\" alt=\"\"><\/p>\n<h2>Michaela P\u00f6schl<\/h2>\n<div>\n<p><span>Michaela ist unser Multitalent mit K\u00f6pfchen und Charme! Als Bankkauffrau, Heilpraktikerin und Osteopathin sowie erfahrene Allrounderin der Gastronomie jongliert sie gekonnt Finanzen, G\u00e4stebetreuung und H\u00fcttenalltag. Mit ihrer humorvollen Art sorgt die leidenschaftliche Bergsportlerin daf\u00fcr, dass sich jeder Gast willkommen f\u00fchlt. Ihre Mission: Die Neue Prager H\u00fctte als Kraftort und Platz des gemeinsamen Wachstums zu gestalten.<\/span><\/p>\n<ul class=\"uk-subnav uk-subnav-divider uk-margin-medium-top\"><\/ul>\n<\/div>\n<\/div>\n<div>\n<p>        <img decoding=\"async\" src=\"\/wp-content\/uploads\/2024\/12\/E958E6D4-FFE6-4A5A-87A5-2408D9061D14.jpg\" alt=\"\"><\/p>\n<h2>Finn<\/h2>\n<div>\n<p><span>Der aufgeweckte Border Collie ist der heimliche Star der Neuen Prager H\u00fctte! Mit seiner Ausbildung zum Lawinen- und Vermisstensuchhund bringt er nicht nur Sicherheit in die Berge, sondern auch jede Menge gute Laune. Ob als treuer Begleiter bei Touren oder als Kuschelfreund auf der H\u00fctte \u2013 Finn ist immer mit vollem Einsatz dabei und gewinnt jedes Herz im Sturm!<\/span><\/p>\n<\/div>\n<\/div>\n<p><!--more--><br \/>\n<!-- {\"type\":\"layout\",\"children\":[{\"name\":\"Speakers\",\"type\":\"section\",\"props\":{\"animation\":\"slide-bottom\",\"animation_delay\":\"200\",\"header_transparent\":false,\"header_transparent_text_color\":\"dark\",\"image_effect\":\"parallax\",\"image_loading\":true,\"image_parallax_bgy\":\"0,500\",\"image_parallax_breakpoint\":\"m\",\"image_parallax_easing\":\"1\",\"image_position\":\"top-left\",\"image_size\":\"cover\",\"media_visibility\":\"m\",\"padding\":\"xlarge\",\"padding_remove_bottom\":true,\"style\":\"default\",\"title_breakpoint\":\"xl\",\"title_position\":\"top-left\",\"title_rotation\":\"left\",\"vertical_align\":\"\",\"width\":\"default\"},\"children\":[{\"type\":\"row\",\"props\":{\"layout\":\"2-3,1-3\",\"margin\":\"xlarge\"},\"children\":[{\"type\":\"column\",\"props\":{\"image_position\":\"center-center\",\"position_sticky_breakpoint\":\"m\",\"width_medium\":\"2-3\"},\"children\":[{\"type\":\"headline\",\"props\":{\"content\":\"Unser Team\",\"title_element\":\"h1\",\"title_style\":\"heading-small\"}},{\"type\":\"divider\",\"props\":{\"divider_element\":\"hr\",\"divider_style\":\"small\"}},{\"type\":\"text\",\"props\":{\"column_breakpoint\":\"m\",\"content\":\"\n\n<p><span>Wir sind ein bunter Mix aus v\\u00f6llig unterschiedlichen Branchen \\u2013 kreativ, leidenschaftlich und immer mit einem L\\u00e4cheln im Gep\\u00e4ck. Gemeinsam bringen wir frischen Wind in die hochalpine H\\u00fcttenkultur und stecken unser Herzblut in jedes Detail!<\\\/span><\\\/p>\",\"dropcap\":false,\"margin\":\"medium\",\"maxwidth\":\"xlarge\",\"text_style\":\"lead\"}}]},{\"type\":\"column\",\"props\":{\"image_position\":\"center-center\",\"position_sticky_breakpoint\":\"m\",\"width_medium\":\"1-3\"},\"children\":[{\"type\":\"image\",\"props\":{\"image\":\"wp-content\\\/uploads\\\/2025\\\/03\\\/Prager_Huette_Personen_HR-38-von-43.jpg\",\"image_border\":\"rounded\",\"image_box_decoration\":\"primary\",\"image_box_shadow\":\"medium\",\"image_svg_color\":\"emphasis\",\"margin\":\"default\"}}]}]},{\"type\":\"row\",\"props\":{\"layout\":\"3-4,1-4\"},\"children\":[{\"type\":\"column\",\"props\":{\"image_position\":\"center-center\",\"position_sticky_breakpoint\":\"m\",\"width_medium\":\"3-4\"},\"children\":[{\"type\":\"panel\",\"props\":{\"content\":\"\n\n<p><span>Ben ist unser Technik- und Organisationstalent. Als Flughelfer, Bergsteiger, Holzbautechniker und Student im Sport- und Eventmanagement bringt er alpine Leidenschaft und modernes Marketing-Know-how zusammen. Sein Ziel: Die Neue Prager H\\u00fctte technisch top und f\\u00fcr Bergfans unverzichtbar zu machen!<\\\/span><\\\/p>\\n\n\n<ul class=\\\"uk-subnav uk-subnav-divider uk-margin-medium-top\\\"><\\\/ul>\",\"content_column_breakpoint\":\"m\",\"css\":\"\\\/* Bilder standardm\\u00e4\\u00dfig in Schwarz-Wei\\u00df *\\\/\\n.el-image {\\n    filter: grayscale(100%) !important; \\\/* Schwarz-Wei\\u00df erzwingen *\\\/\\n    transition: filter 0.3s ease; \\\/* Sanfter \\u00dcbergang *\\\/\\n}\\n\\n\\\/* Beim Hover: Bild farbig *\\\/\\n.el-element:hover .el-image {\\n    filter: grayscale(0%) !important; \\\/* Farbe beim Hover *\\\/\\n}\\n\",\"icon_width\":80,\"id\":\"speakers-emily-jeffreys\",\"image\":\"wp-content\\\/uploads\\\/2025\\\/03\\\/Prager_Huette_Personen_HR-12-von-43.jpg\",\"image_align\":\"left\",\"image_focal_point\":\"top-center\",\"image_grid_breakpoint\":\"s\",\"image_grid_column_gap\":\"collapse\",\"image_grid_row_gap\":\"collapse\",\"image_grid_width\":\"1-2\",\"image_height\":\"679\",\"image_loading\":true,\"image_svg_color\":\"emphasis\",\"image_vertical_align\":false,\"image_width\":500,\"link_style\":\"default\",\"link_text\":\"Read more\",\"margin\":\"default\",\"meta\":\"\",\"meta_align\":\"below-title\",\"meta_element\":\"div\",\"meta_margin\":\"small\",\"meta_style\":\"text-meta\",\"panel_expand\":\"image\",\"panel_image_no_padding\":true,\"panel_padding\":\"large\",\"panel_style\":\"card-default\",\"title\":\"Ben Schwendtner\",\"title_align\":\"top\",\"title_element\":\"h2\",\"title_grid_breakpoint\":\"m\",\"title_grid_width\":\"1-2\",\"title_hover_style\":\"reset\",\"title_style\":\"h1\"}}]},{\"type\":\"column\",\"props\":{\"image_position\":\"center-center\",\"position_sticky_breakpoint\":\"m\",\"width_medium\":\"1-4\"}}]},{\"type\":\"row\",\"props\":{\"layout\":\"1-4,3-4\"},\"children\":[{\"type\":\"column\",\"props\":{\"image_position\":\"center-center\",\"position_sticky_breakpoint\":\"m\",\"width_medium\":\"1-4\"}},{\"type\":\"column\",\"props\":{\"image_position\":\"center-center\",\"position_sticky_breakpoint\":\"m\",\"width_medium\":\"3-4\"},\"children\":[{\"type\":\"panel\",\"props\":{\"blend\":false,\"content\":\"\n\n<p><span>Maja ist unsere Gastronomie-Expertin mit Herz. Als Konditorin und erfahrene Servicekraft bringt sie alpine Gastro-Erfahrung und eine Leidenschaft f\\u00fcr regionale Spezialit\\u00e4ten mit. Ob frisches Brot, hausgemachte Kuchen oder ein herzliches Willkommen \\u2013 Maja sorgt daf\\u00fcr, dass sich jeder Gast in der Neuen Prager H\\u00fctte rundum wohlf\\u00fchlt!<\\\/span><\\\/p>\\n\n\n<ul class=\\\"uk-subnav uk-subnav-divider uk-margin-medium-top\\\"><\\\/ul>\",\"content_column_breakpoint\":\"m\",\"content_dropcap\":false,\"css\":\"\\\/* Bilder standardm\\u00e4\\u00dfig in Schwarz-Wei\\u00df *\\\/\\n.el-image {\\n    filter: grayscale(100%) !important; \\\/* Schwarz-Wei\\u00df erzwingen *\\\/\\n    transition: filter 0.3s ease; \\\/* Sanfter \\u00dcbergang *\\\/\\n}\\n\\n\\\/* Beim Hover: Bild farbig *\\\/\\n.el-element:hover .el-image {\\n    filter: grayscale(0%) !important; \\\/* Farbe beim Hover *\\\/\\n}\\n\",\"icon_width\":80,\"id\":\"speakers-steven-lee\",\"image\":\"wp-content\\\/uploads\\\/2025\\\/03\\\/Prager_Huette_Personen_HR-10-von-43.jpg\",\"image_align\":\"left\",\"image_grid_breakpoint\":\"s\",\"image_grid_column_gap\":\"collapse\",\"image_grid_row_gap\":\"collapse\",\"image_grid_width\":\"1-2\",\"image_height\":\"679\",\"image_loading\":true,\"image_svg_color\":\"emphasis\",\"image_vertical_align\":false,\"image_width\":600,\"link_style\":\"default\",\"link_text\":\"Read more\",\"margin\":\"default\",\"meta\":\"\",\"meta_align\":\"below-title\",\"meta_element\":\"div\",\"meta_margin\":\"small\",\"meta_style\":\"text-meta\",\"panel_expand\":\"image\",\"panel_image_no_padding\":true,\"panel_padding\":\"large\",\"panel_style\":\"card-default\",\"title\":\"Maja Moesges\",\"title_align\":\"top\",\"title_element\":\"h2\",\"title_grid_breakpoint\":\"m\",\"title_grid_width\":\"1-2\",\"title_hover_style\":\"reset\",\"title_style\":\"h1\"}}]}]},{\"type\":\"row\",\"props\":{\"layout\":\"3-4,1-4\"},\"children\":[{\"type\":\"column\",\"props\":{\"image_position\":\"center-center\",\"position_sticky_breakpoint\":\"m\",\"width_medium\":\"3-4\"},\"children\":[{\"type\":\"panel\",\"props\":{\"content\":\"\n\n<p><span>Florian ist unser Technik-Ass und Outdoor-Profi! Mit seinem Ingenieurswissen und seiner Leidenschaft f\\u00fcr Bergsport bringt er H\\u00fctte und Berge auf Top-Niveau. Ob technische Anlagen, spannende Touren oder herzliche Gastfreundschaft \\u2013 Florian macht die Neue Prager H\\u00fctte zu einem echten Highlight f\\u00fcr alle Gipfelst\\u00fcrmer!<\\\/span><\\\/p>\",\"content_column_breakpoint\":\"m\",\"css\":\"\\\/* Bilder standardm\\u00e4\\u00dfig in Schwarz-Wei\\u00df *\\\/\\n.el-image {\\n    filter: grayscale(100%) !important; \\\/* Schwarz-Wei\\u00df erzwingen *\\\/\\n    transition: filter 0.3s ease; \\\/* Sanfter \\u00dcbergang *\\\/\\n}\\n\\n\\\/* Beim Hover: Bild farbig *\\\/\\n.el-element:hover .el-image {\\n    filter: grayscale(0%) !important; \\\/* Farbe beim Hover *\\\/\\n}\\n\",\"icon_width\":80,\"id\":\"speakers-alison-fisher\",\"image\":\"wp-content\\\/uploads\\\/2025\\\/03\\\/Prager_Huette_Personen_HR-25-von-43-scaled.jpg\",\"image_align\":\"left\",\"image_focal_point\":\"top-center\",\"image_grid_breakpoint\":\"s\",\"image_grid_column_gap\":\"collapse\",\"image_grid_row_gap\":\"collapse\",\"image_grid_width\":\"1-2\",\"image_height\":\"679\",\"image_svg_color\":\"emphasis\",\"image_width\":500,\"link_style\":\"default\",\"link_text\":\"Read more\",\"margin\":\"default\",\"meta\":\"\",\"meta_align\":\"below-title\",\"meta_element\":\"div\",\"meta_margin\":\"small\",\"meta_style\":\"text-meta\",\"panel_expand\":\"image\",\"panel_image_no_padding\":true,\"panel_padding\":\"large\",\"panel_style\":\"card-default\",\"title\":\"Florian Geier\",\"title_align\":\"top\",\"title_element\":\"h2\",\"title_grid_breakpoint\":\"m\",\"title_grid_width\":\"1-2\",\"title_hover_style\":\"reset\",\"title_style\":\"h1\"}}]},{\"type\":\"column\",\"props\":{\"image_position\":\"center-center\",\"position_sticky_breakpoint\":\"m\",\"width_medium\":\"1-4\"}}]},{\"type\":\"row\",\"props\":{\"layout\":\"1-4,3-4\"},\"children\":[{\"type\":\"column\",\"props\":{\"image_position\":\"center-center\",\"position_sticky_breakpoint\":\"m\",\"width_medium\":\"1-4\"}},{\"type\":\"column\",\"props\":{\"image_position\":\"center-center\",\"position_sticky_breakpoint\":\"m\",\"width_medium\":\"3-4\"},\"children\":[{\"type\":\"panel\",\"props\":{\"content\":\"\n\n<p><span>Michaela ist unser Multitalent mit K\\u00f6pfchen und Charme! Als Bankkauffrau, Heilpraktikerin und Osteopathin sowie erfahrene Allrounderin der Gastronomie jongliert sie gekonnt Finanzen, G\\u00e4stebetreuung und H\\u00fcttenalltag. Mit ihrer humorvollen Art sorgt die leidenschaftliche Bergsportlerin daf\\u00fcr, dass sich jeder Gast willkommen f\\u00fchlt. Ihre Mission: Die Neue Prager H\\u00fctte als Kraftort und Platz des gemeinsamen Wachstums zu gestalten.<\\\/span><\\\/p>\\n\n\n<ul class=\\\"uk-subnav uk-subnav-divider uk-margin-medium-top\\\"><\\\/ul>\",\"content_column_breakpoint\":\"m\",\"css\":\"\\\/* Bilder standardm\\u00e4\\u00dfig in Schwarz-Wei\\u00df *\\\/\\n.el-image {\\n    filter: grayscale(100%) !important; \\\/* Schwarz-Wei\\u00df erzwingen *\\\/\\n    transition: filter 0.3s ease; \\\/* Sanfter \\u00dcbergang *\\\/\\n}\\n\\n\\\/* Beim Hover: Bild farbig *\\\/\\n.el-element:hover .el-image {\\n    filter: grayscale(0%) !important; \\\/* Farbe beim Hover *\\\/\\n}\\n\",\"icon_width\":80,\"id\":\"speakers-johnathan-rogers\",\"image\":\"wp-content\\\/uploads\\\/2025\\\/03\\\/Prager_Huette_Personen_HR-2-von-43-scaled.jpg\",\"image_align\":\"left\",\"image_grid_breakpoint\":\"s\",\"image_grid_column_gap\":\"collapse\",\"image_grid_row_gap\":\"collapse\",\"image_grid_width\":\"1-2\",\"image_height\":900,\"image_svg_color\":\"emphasis\",\"image_width\":600,\"link_style\":\"default\",\"link_text\":\"Read more\",\"margin\":\"default\",\"meta\":\"\",\"meta_align\":\"below-title\",\"meta_element\":\"div\",\"meta_margin\":\"small\",\"meta_style\":\"text-meta\",\"panel_expand\":\"image\",\"panel_image_no_padding\":true,\"panel_padding\":\"large\",\"panel_style\":\"card-default\",\"title\":\"Michaela P\\u00f6schl\",\"title_align\":\"top\",\"title_element\":\"h2\",\"title_grid_breakpoint\":\"m\",\"title_grid_width\":\"1-2\",\"title_hover_style\":\"reset\",\"title_style\":\"h1\"}}]}]},{\"type\":\"row\",\"props\":{\"layout\":\"3-4,1-4\"},\"children\":[{\"type\":\"column\",\"props\":{\"image_position\":\"center-center\",\"position_sticky_breakpoint\":\"m\",\"width_medium\":\"3-4\"},\"children\":[{\"type\":\"panel\",\"props\":{\"content\":\"\n\n<p><span>Der aufgeweckte Border Collie ist der heimliche Star der Neuen Prager H\\u00fctte! Mit seiner Ausbildung zum Lawinen- und Vermisstensuchhund bringt er nicht nur Sicherheit in die Berge, sondern auch jede Menge gute Laune. Ob als treuer Begleiter bei Touren oder als Kuschelfreund auf der H\\u00fctte \\u2013 Finn ist immer mit vollem Einsatz dabei und gewinnt jedes Herz im Sturm!<\\\/span><\\\/p>\",\"content_column_breakpoint\":\"m\",\"css\":\"\\\/* Bilder standardm\\u00e4\\u00dfig in Schwarz-Wei\\u00df *\\\/\\n.el-image {\\n    filter: grayscale(100%) !important; \\\/* Schwarz-Wei\\u00df erzwingen *\\\/\\n    transition: filter 0.3s ease; \\\/* Sanfter \\u00dcbergang *\\\/\\n}\\n\\n\\\/* Beim Hover: Bild farbig *\\\/\\n.el-element:hover .el-image {\\n    filter: grayscale(0%) !important; \\\/* Farbe beim Hover *\\\/\\n}\\n\",\"icon_width\":80,\"id\":\"speakers-aaron-kennedy\",\"image\":\"wp-content\\\/uploads\\\/2024\\\/12\\\/E958E6D4-FFE6-4A5A-87A5-2408D9061D14.jpg\",\"image_align\":\"left\",\"image_grid_breakpoint\":\"s\",\"image_grid_column_gap\":\"collapse\",\"image_grid_row_gap\":\"collapse\",\"image_grid_width\":\"1-2\",\"image_height\":\"679\",\"image_svg_color\":\"emphasis\",\"image_width\":\"609\",\"link_style\":\"default\",\"link_text\":\"Read more\",\"margin\":\"default\",\"meta\":\"\",\"meta_align\":\"below-title\",\"meta_element\":\"div\",\"meta_margin\":\"small\",\"meta_style\":\"text-meta\",\"panel_expand\":\"image\",\"panel_image_no_padding\":true,\"panel_padding\":\"large\",\"panel_style\":\"card-default\",\"title\":\"Finn\",\"title_align\":\"top\",\"title_element\":\"h2\",\"title_grid_breakpoint\":\"m\",\"title_grid_width\":\"1-2\",\"title_hover_style\":\"reset\",\"title_style\":\"h1\"}}]},{\"type\":\"column\",\"props\":{\"image_position\":\"center-center\",\"position_sticky_breakpoint\":\"m\",\"width_medium\":\"1-4\"}}]}]},{\"name\":\"Become a speaker\",\"type\":\"section\",\"props\":{\"id\":\"become-a-speaker\",\"image_position\":\"center-center\",\"image_size\":\"cover\",\"padding\":\"large\",\"status\":\"disabled\",\"style\":\"default\",\"title_breakpoint\":\"xl\",\"title_position\":\"top-left\",\"title_rotation\":\"left\",\"vertical_align\":\"\",\"width\":\"small\"},\"children\":[{\"type\":\"row\",\"props\":{\"column_gap\":\"large\",\"layout\":\"expand,large,expand\",\"row_gap\":\"large\",\"vertical_align\":false,\"width\":\"default\"},\"children\":[{\"type\":\"column\",\"props\":{\"image_position\":\"center-center\",\"position_sticky_breakpoint\":\"m\",\"width_medium\":\"expand\"}},{\"type\":\"column\",\"props\":{\"image_position\":\"center-center\",\"position_sticky_breakpoint\":\"m\",\"width_medium\":\"xlarge\"},\"children\":[{\"type\":\"headline\",\"props\":{\"block_align\":\"center\",\"content\":\"DU willst H\\u00fcttenwirt werden?\",\"margin_remove_bottom\":false,\"maxwidth\":\"medium\",\"text_align\":\"center\",\"title_element\":\"h2\",\"title_style\":\"heading-small\"}},{\"type\":\"divider\",\"props\":{\"divider_align\":\"center\",\"divider_element\":\"hr\",\"divider_style\":\"small\",\"margin\":\"large\",\"margin_remove_top\":true}},{\"type\":\"text\",\"props\":{\"class\":\"uk-text-lead\",\"column_breakpoint\":\"m\",\"content\":\"Lorem ipsum dolor sit amet, consectetur adipisicing elit, sed do eiusmod tempor incididunt ut labore et dolore magna aliqua.\",\"margin\":\"\",\"margin_remove_top\":true}},{\"type\":\"text\",\"props\":{\"column_breakpoint\":\"m\",\"content\":\"Lorem ipsum dolor sit amet, consectetur adipisicing elit, sed do eiusmod tempor inci didunt ut labore et dolore magna aliqua. Ut enim ad minim veniam, quis nostrud exercitation ullamco laboris nisi ut aliquip ex ea commodo consequat.\",\"margin\":\"default\"}},{\"type\":\"headline\",\"props\":{\"content\":\"Requirements\",\"title_color\":\"background\",\"title_element\":\"h3\",\"title_style\":\"h4\"}},{\"type\":\"text\",\"props\":{\"column_breakpoint\":\"m\",\"content\":\"Lorem ipsum dolor sit amet, consectetur adipisicing elit, sed do eiusmod tempor incidi nt ut labore et dolore magna aliqua. Ut enim ad minim veniam, quis nostrud exercitation ullamco laboris nisi ut aliquip ex ea commodo consequat.\",\"margin\":\"default\"}},{\"type\":\"headline\",\"props\":{\"content\":\"Perks for speakers\",\"title_color\":\"background\",\"title_element\":\"h3\",\"title_style\":\"h4\"}},{\"type\":\"text\",\"props\":{\"column_breakpoint\":\"m\",\"content\":\"Lorem ipsum dolor sit amet, consectetur adipisicing elit, sed do eiusmod tempor incididunt ut labore et dolore magna aliqua. Ut enim ad minim veniam, quis nostrud.\",\"margin\":\"default\"}},{\"type\":\"button\",\"props\":{\"button_size\":\"large\",\"grid_column_gap\":\"small\",\"grid_row_gap\":\"small\",\"margin\":\"large\",\"text_align\":\"center\"},\"children\":[{\"type\":\"button_item\",\"props\":{\"button_style\":\"primary\",\"content\":\"Submit a proposal\",\"icon_align\":\"left\",\"link\":\"mailto:email@example.com\"}}]}]},{\"type\":\"column\",\"props\":{\"image_position\":\"center-center\",\"position_sticky_breakpoint\":\"m\",\"width_medium\":\"expand\"}}]}]}],\"version\":\"4.4.16\"} --><\/p>\n","protected":false},"excerpt":{"rendered":"<p>Unser Team Wir sind ein bunter Mix aus v\u00f6llig unterschiedlichen Branchen \u2013 kreativ, leidenschaftlich und immer mit einem L\u00e4cheln im Gep\u00e4ck. Gemeinsam bringen wir frischen Wind in die hochalpine H\u00fcttenkultur und stecken unser Herzblut in jedes Detail! Ben Schwendtner Ben ist unser Technik- und Organisationstalent. Als Flughelfer, Bergsteiger, Holzbautechniker und Student im Sport- und Eventmanagement [&hellip;]<\/p>\n","protected":false},"author":1,"featured_media":0,"parent":0,"menu_order":0,"comment_status":"closed","ping_status":"closed","template":"","meta":{"_acf_changed":false,"footnotes":""},"class_list":["post-1146","page","type-page","status-publish","hentry"],"acf":[],"_links":{"self":[{"href":"https:\/\/www.neue-prager-huette.at\/index.php?rest_route=\/wp\/v2\/pages\/1146","targetHints":{"allow":["GET"]}}],"collection":[{"href":"https:\/\/www.neue-prager-huette.at\/index.php?rest_route=\/wp\/v2\/pages"}],"about":[{"href":"https:\/\/www.neue-prager-huette.at\/index.php?rest_route=\/wp\/v2\/types\/page"}],"author":[{"embeddable":true,"href":"https:\/\/www.neue-prager-huette.at\/index.php?rest_route=\/wp\/v2\/users\/1"}],"replies":[{"embeddable":true,"href":"https:\/\/www.neue-prager-huette.at\/index.php?rest_route=%2Fwp%2Fv2%2Fcomments&post=1146"}],"version-history":[{"count":26,"href":"https:\/\/www.neue-prager-huette.at\/index.php?rest_route=\/wp\/v2\/pages\/1146\/revisions"}],"predecessor-version":[{"id":1415,"href":"https:\/\/www.neue-prager-huette.at\/index.php?rest_route=\/wp\/v2\/pages\/1146\/revisions\/1415"}],"wp:attachment":[{"href":"https:\/\/www.neue-prager-huette.at\/index.php?rest_route=%2Fwp%2Fv2%2Fmedia&parent=1146"}],"curies":[{"name":"wp","href":"https:\/\/api.w.org\/{rel}","templated":true}]}}